{"id":727,"date":"2022-07-20T02:10:40","date_gmt":"2022-07-20T01:10:40","guid":{"rendered":"https:\/\/cnad.cv\/sobre\/"},"modified":"2025-01-29T12:43:47","modified_gmt":"2025-01-29T12:43:47","slug":"about","status":"publish","type":"page","link":"https:\/\/cnad.cv\/en\/about\/","title":{"rendered":"About"},"content":{"rendered":"<p>[vc_row full_width=&#8221;stretch_row_content_no_spaces&#8221; el_class=&#8221;about-hero&#8221;][vc_column][vc_single_image image=&#8221;447&#8243; img_size=&#8221;full&#8221;][\/vc_column][\/vc_row][vc_row full_width=&#8221;stretch_row&#8221; el_class=&#8221;about-section-1&#8243; el_id=&#8221;history&#8221;][vc_column width=&#8221;1\/2&#8243; el_class=&#8221;content-col content-col-l&#8221;][vc_column_text css_animation=&#8221;fadeInUp&#8221; el_class=&#8221;txt-size-36&#8243;]About[\/vc_column_text][vc_empty_space height=&#8221;20px&#8221;][vc_column_text css_animation=&#8221;fadeInUp&#8221; el_class=&#8221;txt-size-76&#8243;]The institute[\/vc_column_text][vc_empty_space height=&#8221;50px&#8221;][vc_column_text css_animation=&#8221;fadeInUp&#8221; el_class=&#8221;txt-size-36&#8243;]CNAD THROUGH TIME[\/vc_column_text][vc_empty_space height=&#8221;20px&#8221;][vc_column_text css_animation=&#8221;fadeInUp&#8221; el_class=&#8221;txt-size-36&#8243;]The collection of the National Centre for Art, Crafts and Design (CNAD) and its history bear witness to the path taken and the results achieved by the now extinct National Crafts Centre (CNA) since the 1990s.[\/vc_column_text][vc_empty_space height=&#8221;30px&#8221;][\/vc_column][vc_column width=&#8221;1\/2&#8243; el_class=&#8221;content-col content-col-r&#8221;][vc_column_text css_animation=&#8221;fadeInUp&#8221; el_class=&#8221;about-side-nav&#8221;]THE INSTITUTE<\/p>\n<p><a class=\"scrollto\" href=\"#history\">CNAD THROUGH TIME<\/a><br \/>\n<a class=\"scrollto\" href=\"#mission\">MISSION<\/a><br \/>\n<a class=\"scrollto\" href=\"#vision\">VISION<\/a><br \/>\n<a class=\"scrollto\" href=\"#promoters\">PROMOTERS<\/a><br \/>\n<a class=\"scrollto\" href=\"#partner\">PARTNER<\/a><br \/>\n<a class=\"scrollto\" href=\"#team\">TEAM<\/a>[\/vc_column_text][\/vc_column][\/vc_row][vc_row full_width=&#8221;stretch_row&#8221; el_class=&#8221;about-section-2&#8243;][vc_column width=&#8221;1\/2&#8243; el_class=&#8221;content-col content-col-l&#8221;][vc_column_text css_animation=&#8221;fadeInUp&#8221; el_class=&#8221;width&#8211;85p&#8221;]Having been the first cultural institution created in Cape Verde after its independence, the CNA served as the basis for the construction of the craftsmanship\u2019s network and of a visual and aesthetic identity in Cape Verde, characteristics that still play a fundamental role in leveraging the future and in the creation of new national languages.<\/p>\n<p>Located in the heart of Mindelo, CNAD operates in one of the oldest buildings in the city, initially known as Casa Senador Vera Cruz [House of Senator Vera Cruz], a space that is also part of the cultural and social history of the life of Mindelo\u2019s people. It served as a residence, high school, military headquarters, recreative club, radio station and Museum of Traditional Art before hosting the CNA project \u2013 originally Cooperative Resist\u00eancia (Resistance Cooperative), created in 1976 \u2013, an initiative born from the restlessness of a group of artists and teachers dedicated to experimentation, training, research and promotion of Cape Verdean craftsmanship, with a focus on the practice of panaria. In 1977, this collective, composed by Manuel Figueira, Lu\u00edsa Queir\u00f3s and Bela Duarte, among others, dared to create a National Crafts Centre in Cape Verde. In its essence was the historical and cultural preservation and the multiplication of knowledge through the know-how of the country&#8217;s Master artisans, such as Nh\u00f4 Griga and Nh\u00f4 Dam\u00e1sio. Consequently, the CNA became the launch pad for countless new craftspeople and artists, as well as a cradle for the exploration of new languages and aesthetic approaches.[\/vc_column_text][\/vc_column][vc_column width=&#8221;1\/2&#8243; el_class=&#8221;content-col content-col-r&#8221;][vc_single_image image=&#8221;528&#8243; img_size=&#8221;full&#8221; css_animation=&#8221;fadeInUp&#8221; el_class=&#8221;width&#8211;100p about-right-side-img&#8221;][vc_column_text css_animation=&#8221;fadeInUp&#8221; el_class=&#8221;width&#8211;100p font-title about-right-side-img&#8221; css=&#8221;.vc_custom_1658898194608{margin-top: 5px !important;}&#8221;]<\/p>\n<p style=\"text-align: right;\"><small>Casa Senador Vera Cruz<\/small><\/p>\n<p>[\/vc_column_text][\/vc_column][\/vc_row][vc_row full_width=&#8221;stretch_row&#8221; el_class=&#8221;about-section-3&#8243;][vc_column width=&#8221;1\/2&#8243; el_class=&#8221;content-col content-col-l&#8221;][vc_column_text css_animation=&#8221;fadeInUp&#8221; el_class=&#8221;txt-size-36&#8243;]To different generations,<br \/>\ncomplementary visions.[\/vc_column_text][vc_column_text css_animation=&#8221;fadeInUp&#8221; el_class=&#8221;width&#8211;85p&#8221;]For Manuel Figueira, former director and co-founder of the CNA, CNAD is the continuity of the initial vision, but with the great &#8220;boldness&#8221; of aiming even further, with its eyes always looking towards the future. The former director (2015 &#8211; 2022), Irlando Ferreira, stresses that the \u201cwork that the Centre has been developing manifests Cape Verdean contemporaneity\u201d.<\/p>\n<p>In order to fulfil its aspiration of being a platform for sustainable cultural development and promotion with national and international recognition, in 2019 CNAD started the rehabilitation of the century-old Casa Senador Vera Cruz and the construction of a new cultural facility, designed from scratch by Ramos Castellano Arquitectos. The architecture of this new building, which rises above the city of Mindelo, is defined by its vibrant metal facade. Harmoniously composed of colourful drumheads, it represents the social, cultural and symbolic context that the metallic barrels bring to the islands, loaded with goods and stories of a vast Cape Verdean diaspora spread worldwide.<br \/>\nThe plasticity and poetics of the building go even further: in the diversified palette of colours that compose it, lies an encoded musical score by the musician and composer Vasco Martins.<br \/>\nThe remaining architectural and construction solutions adopted in this building complex, in addition to providing body, colour and texture, synthesise and accompany the expansive and universal thinking of CNAD.<\/p>\n<p>Between the old and the contemporary, between Casa Senador Vera Cruz and this new architectural project, a central patio connects and puts the two buildings in dialogue.<br \/>\nIt is in this space, which links tradition and innovation, that CNAD operates, a unique cultural facility in the Cape Verdean context, endowed with permanent and temporary exhibition galleries, a library and research centre, a training centre, collection and artistic residencies spaces, a shop, a caf\u00e9 and a multipurpose courtyard. This is the setting for an aggregative, creative, dynamic and forward-looking environment that intends to continue writing the history of Cape Verde&#8217;s artistic and cultural wealth.[\/vc_column_text][\/vc_column][vc_column width=&#8221;1\/2&#8243; el_class=&#8221;content-col content-col-r&#8221;][vc_single_image image=&#8221;532&#8243; img_size=&#8221;full&#8221; css_animation=&#8221;fadeInUp&#8221; el_class=&#8221;width&#8211;100p about-right-side-img&#8221;][vc_column_text css_animation=&#8221;fadeInUp&#8221; el_class=&#8221;width&#8211;100p font-title about-right-side-img&#8221; css=&#8221;.vc_custom_1659018500204{margin-top: 5px !important;}&#8221;]<\/p>\n<p style=\"text-align: left;\"><small>CNA Founders<\/small><\/p>\n<p>[\/vc_column_text][vc_empty_space height=&#8221;70px&#8221;][vc_single_image image=&#8221;534&#8243; img_size=&#8221;full&#8221; css_animation=&#8221;fadeInUp&#8221; el_class=&#8221;width&#8211;100p about-right-side-img&#8221;][vc_empty_space height=&#8221;70px&#8221;][vc_single_image image=&#8221;536&#8243; img_size=&#8221;full&#8221; css_animation=&#8221;fadeInUp&#8221; el_class=&#8221;width&#8211;100p about-right-side-img&#8221;][\/vc_column][\/vc_row][vc_row full_width=&#8221;stretch_row&#8221; css=&#8221;.vc_custom_1659018375068{background-color: #0847f9 !important;}&#8221; el_class=&#8221;about-section-5&#8243; el_id=&#8221;mission&#8221;][vc_column width=&#8221;1\/2&#8243; el_class=&#8221;content-col content-col-l&#8221;][vc_column_text css_animation=&#8221;fadeInUp&#8221;]<\/p>\n<h3>MISSION<\/h3>\n<p>[\/vc_column_text][vc_empty_space height=&#8221;20px&#8221;][vc_column_text css_animation=&#8221;fadeInUp&#8221; el_class=&#8221;width&#8211;85p&#8221;]The mission of the National Centre for Art, Crafts and Design (CNAD) is to <span style=\"text-decoration: underline;\">stimulate, enhance and foster the development of various artistic languages<\/span>, with particular emphasis on national crafts and design in permanent dialogue with the extensive field of the visual arts.<br \/>\nThe constitutive thinking of CNAD is based on two fundamental pillars: integrated and long-term vision and action; and the projects\u2019 sustainability, taking into consideration Cape Verde&#8217;s insular and archipelagic nature in relation to the world.<\/p>\n<p>CNAD&#8217;s main objectives are: <span style=\"text-decoration: underline;\">to develop and enhance craftsmanship and design, historical and cultural heritage<\/span>, investing in their preservation, research, training, production and promotion; <span style=\"text-decoration: underline;\">to forge new languages<\/span>, <span style=\"text-decoration: underline;\">valuing innovation, quality and aesthetic sense<\/span>; to foster art practices and to provide, through a programme of excellence and quality, a wide range of initiatives, including long-term and temporary exhibitions; <span style=\"text-decoration: underline;\">training and participatory learning endeavours and parallel activities<\/span> across the different artistic languages.[\/vc_column_text][\/vc_column][vc_column width=&#8221;1\/2&#8243; el_class=&#8221;content-col content-col-r&#8221;][vc_single_image image=&#8221;798&#8243; img_size=&#8221;full&#8221; alignment=&#8221;right&#8221; css_animation=&#8221;fadeInUp&#8221; el_class=&#8221;width&#8211;60p about-right-side-img&#8221;][vc_column_text css_animation=&#8221;fadeInUp&#8221; el_class=&#8221;width&#8211;60p font-title about-right-side-img&#8221; css=&#8221;.vc_custom_1659561935888{margin-top: 5px !important;}&#8221;]<\/p>\n<p style=\"text-align: left;\"><small>Meridiano dos of\u00edcios<\/small><\/p>\n<p>[\/vc_column_text][vc_empty_space height=&#8221;5px&#8221;][vc_single_image image=&#8221;564&#8243; img_size=&#8221;full&#8221; css_animation=&#8221;fadeInUp&#8221; el_class=&#8221;width&#8211;100p about-right-side-img&#8221;][vc_column_text css_animation=&#8221;fadeInUp&#8221; el_class=&#8221;width&#8211;100p font-title about-right-side-img&#8221; css=&#8221;.vc_custom_1658898272234{margin-top: 5px !important;}&#8221;]<\/p>\n<p style=\"text-align: left;\"><small>Pote<\/small><\/p>\n<p>[\/vc_column_text][\/vc_column][\/vc_row][vc_row full_width=&#8221;stretch_row&#8221; el_class=&#8221;about-section-6&#8243; el_id=&#8221;vision&#8221; css=&#8221;.vc_custom_1659018380764{background-color: #fc6a06 !important;}&#8221;][vc_column width=&#8221;1\/2&#8243; el_class=&#8221;content-col content-col-l&#8221;][vc_empty_space height=&#8221;20px&#8221;][vc_column_text css_animation=&#8221;fadeInUp&#8221;]<\/p>\n<h3>VISION<\/h3>\n<p>[\/vc_column_text][vc_empty_space height=&#8221;20px&#8221;][vc_column_text css_animation=&#8221;fadeInUp&#8221; el_class=&#8221;width&#8211;85p&#8221;]The National Centre for Art, Crafts and Design (CNAD) aims to be a <strong>platform for sustainable cultural development<\/strong> and <strong>promotion<\/strong>, with national and international recognition, achieved through work of excellence, quality and rigour.[\/vc_column_text][\/vc_column][vc_column width=&#8221;1\/2&#8243; el_class=&#8221;content-col content-col-r&#8221;][vc_single_image image=&#8221;800&#8243; img_size=&#8221;full&#8221; css_animation=&#8221;fadeInUp&#8221; el_class=&#8221;width&#8211;60p about-right-side-img&#8221;][vc_column_text css_animation=&#8221;fadeInUp&#8221; el_class=&#8221;width&#8211;60p font-title about-right-side-img&#8221; css=&#8221;.vc_custom_1659561956017{margin-top: 5px !important;}&#8221;]<\/p>\n<p style=\"text-align: right;\"><small>Kutxi &#8211; Resid\u00eancia Criativa<\/small><\/p>\n<p>[\/vc_column_text][\/vc_column][\/vc_row][vc_row full_width=&#8221;stretch_row&#8221; el_class=&#8221;about-section-7&#8243; el_id=&#8221;promoters&#8221;][vc_column][vc_column_text css_animation=&#8221;fadeInUp&#8221;]<\/p>\n<h3>PROMOTERS<\/h3>\n<p>[\/vc_column_text][vc_empty_space height=&#8221;80px&#8221;][\/vc_column][\/vc_row][vc_row full_width=&#8221;stretch_row&#8221; el_class=&#8221;about-partner-row&#8221;][vc_column][vc_single_image image=&#8221;590&#8243; img_size=&#8221;full&#8221; css_animation=&#8221;fadeInUp&#8221;][vc_single_image image=&#8221;592&#8243; img_size=&#8221;full&#8221; css_animation=&#8221;fadeInUp&#8221;][\/vc_column][\/vc_row][vc_row full_width=&#8221;stretch_row&#8221; el_class=&#8221;about-section-7&#8243; el_id=&#8221;partner&#8221;][vc_column][vc_column_text css_animation=&#8221;fadeInUp&#8221;]<\/p>\n<h3>PARTNER<\/h3>\n<p>[\/vc_column_text][vc_empty_space height=&#8221;60px&#8221;][\/vc_column][\/vc_row][vc_row full_width=&#8221;stretch_row&#8221; el_class=&#8221;about-partner-row&#8221;][vc_column][vc_single_image image=&#8221;594&#8243; img_size=&#8221;full&#8221; css_animation=&#8221;fadeInUp&#8221; el_class=&#8221;logo-enapor&#8221;][\/vc_column][\/vc_row][vc_row full_width=&#8221;stretch_row&#8221; css=&#8221;.vc_custom_1659018397393{background-color: #67fbf9 !important;}&#8221; el_class=&#8221;about-section-11&#8243; el_id=&#8221;team&#8221;][vc_column][vc_column_text css_animation=&#8221;fadeInUp&#8221;]<\/p>\n<h3>TEAM<\/h3>\n<p>[\/vc_column_text][vc_empty_space height=&#8221;30px&#8221;][vc_row_inner el_class=&#8221;team-row animate-intro-on-scroll&#8221;][vc_column_inner][vc_single_image image=&#8221;923&#8243; img_size=&#8221;full&#8221; onclick=&#8221;custom_link&#8221; link=&#8221;#irlando-ferreira&#8221; el_class=&#8221;team-block team-block-img has-cv&#8221;][vc_column_text css=&#8221;.vc_custom_1738152896307{background-color: #fee100 !important;}&#8221; el_class=&#8221;team-block team-block-txt&#8221;]DIRECTOR<br \/>\nArtur Mar\u00e7al[\/vc_column_text][vc_single_image image=&#8221;692&#8243; img_size=&#8221;full&#8221; onclick=&#8221;custom_link&#8221; link=&#8221;#irlando-ferreira&#8221; el_class=&#8221;team-block team-block-img has-cv&#8221;][vc_column_text css=&#8221;.vc_custom_1738152966251{background-color: #ff0000 !important;}&#8221; el_class=&#8221;team-block team-block-txt team-block-txt-white&#8221;]CULTURAL, ARTISTIC<br \/>\nAND CREATIVE TECHNICIAN<br \/>\nIrlando Ferreia[\/vc_column_text][vc_single_image image=&#8221;690&#8243; img_size=&#8221;full&#8221; el_class=&#8221;team-block team-block-img&#8221;][vc_column_text css=&#8221;.vc_custom_1738154624245{background-color: #ffffff !important;}&#8221; el_class=&#8221;team-block team-block-txt&#8221;]ADMINISTRATIVE, FINANCIAL<br \/>\nAND HUMAN<br \/>\nRESOURCES ADVISOR<br \/>\nDanilsa Medina[\/vc_column_text][\/vc_column_inner][\/vc_row_inner][vc_row_inner el_class=&#8221;team-row animate-intro-on-scroll&#8221;][vc_column_inner][vc_column_text css=&#8221;.vc_custom_1738153109041{background-color: #81d742 !important;}&#8221; el_class=&#8221;team-block team-block-txt&#8221;]INVESTIGATION,<br \/>\nINVENTORYING, CATALOGING,<br \/>\nAND CURATORIAL ASSISTANT<br \/>\nElis\u00e2ngela Monteiro[\/vc_column_text][vc_single_image image=&#8221;694&#8243; img_size=&#8221;full&#8221; el_class=&#8221;team-block team-block-img&#8221;][vc_column_text css=&#8221;.vc_custom_1738153202880{background-color: #72418a !important;}&#8221; el_class=&#8221;team-block team-block-txt team-block-txt-white&#8221;]DESIGN, CREATIVE<br \/>\nAND EDITORIAL PROJECTS<br \/>\nKarine Patr\u00edcio[\/vc_column_text][vc_single_image image=&#8221;908&#8243; img_size=&#8221;full&#8221; el_class=&#8221;team-block team-block-img&#8221;][vc_column_text css=&#8221;.vc_custom_1738153239063{background-color: #0a46e9 !important;}&#8221; el_class=&#8221;team-block team-block-txt team-block-txt-white&#8221;]EXTERNAL AFFAIRS<br \/>\nAND PROJECTS SUPPORT<br \/>\nCarla Tavares[\/vc_column_text][vc_single_image image=&#8221;698&#8243; img_size=&#8221;full&#8221; el_class=&#8221;team-block team-block-img&#8221;][\/vc_column_inner][\/vc_row_inner][vc_row_inner el_class=&#8221;team-row animate-intro-on-scroll&#8221;][vc_column_inner][vc_single_image image=&#8221;910&#8243; img_size=&#8221;full&#8221; el_class=&#8221;team-block team-block-img&#8221;][vc_column_text css=&#8221;.vc_custom_1738153269608{background-color: #ed6a04 !important;}&#8221; el_class=&#8221;team-block team-block-txt&#8221;]PROJECTS<br \/>\nCOORDINATION<br \/>\nV\u00e2nia Pachito[\/vc_column_text][vc_single_image image=&#8221;912&#8243; img_size=&#8221;full&#8221; el_class=&#8221;team-block team-block-img&#8221;][vc_column_text css=&#8221;.vc_custom_1738153315551{background-color: #ff0000 !important;}&#8221; el_class=&#8221;team-block team-block-txt team-block-txt-white&#8221;]RESEARCH CENTER<br \/>\nAND LIBRARY<br \/>\nAldair Martins[\/vc_column_text][vc_single_image image=&#8221;919&#8243; img_size=&#8221;full&#8221; el_class=&#8221;team-block team-block-img&#8221;][vc_column_text css=&#8221;.vc_custom_1738153404758{background-color: #097a03 !important;}&#8221; el_class=&#8221;team-block team-block-txt team-block-txt-white&#8221;]RESEARCH CENTER<br \/>\nAND LIBRARY AND MAINTENANCE<br \/>\nSUPERVISOR<br \/>\nNat\u00edsia Fonseca[\/vc_column_text][\/vc_column_inner][\/vc_row_inner][vc_row_inner el_class=&#8221;team-row animate-intro-on-scroll&#8221;][vc_column_inner][vc_column_text css=&#8221;.vc_custom_1738153432094{background-color: #72418a !important;}&#8221; el_class=&#8221;team-block team-block-txt team-block-txt-white&#8221;]TECHNICAL SUPPORT<br \/>\nArlinda Fortes[\/vc_column_text][vc_single_image image=&#8221;921&#8243; img_size=&#8221;full&#8221; el_class=&#8221;team-block team-block-img&#8221;][vc_column_text css=&#8221;.vc_custom_1738153449167{background-color: #fee100 !important;}&#8221; el_class=&#8221;team-block team-block-txt&#8221;]TECHNICAL SUPPORT<br \/>\nHelen David[\/vc_column_text][vc_single_image image=&#8221;906&#8243; img_size=&#8221;full&#8221; el_class=&#8221;team-block team-block-img&#8221;][vc_column_text css=&#8221;.vc_custom_1738091280092{background-color: #81d742 !important;}&#8221; el_class=&#8221;team-block team-block-txt team-block-txt-white&#8221;][\/vc_column_text][vc_column_text css=&#8221;.vc_custom_1738084983741{background-color: #ff0000 !important;}&#8221; el_class=&#8221;team-block team-block-txt team-block-txt-white&#8221;][\/vc_column_text][\/vc_column_inner][\/vc_row_inner][vc_row_inner el_class=&#8221;team-row animate-intro-on-scroll&#8221;][vc_column_inner][vc_single_image image=&#8221;702&#8243; img_size=&#8221;full&#8221; el_class=&#8221;team-block team-block-img&#8221;][vc_column_text css=&#8221;.vc_custom_1738153476501{background-color: #1e73be !important;}&#8221; el_class=&#8221;team-block team-block-txt team-block-txt-white&#8221;]TECHNICAL SUPPORT<br \/>\nMartina Duarte[\/vc_column_text][vc_single_image image=&#8221;706&#8243; img_size=&#8221;full&#8221; el_class=&#8221;team-block team-block-img&#8221;][vc_column_text css=&#8221;.vc_custom_1738153491133{background-color: #000000 !important;}&#8221; el_class=&#8221;team-block team-block-txt team-block-txt-white&#8221;]TECHNICAL SUPPORT<br \/>\nAnilton Duarte[\/vc_column_text][vc_single_image image=&#8221;704&#8243; img_size=&#8221;full&#8221; el_class=&#8221;team-block team-block-img&#8221;][vc_column_text css=&#8221;.vc_custom_1738153504181{background-color: #72418a !important;}&#8221; el_class=&#8221;team-block team-block-txt team-block-txt-white&#8221;]TECHNICAL SUPPORT<br \/>\nAm\u00edlcar Rodrigues[\/vc_column_text][\/vc_column_inner][\/vc_row_inner][vc_empty_space height=&#8221;120px&#8221;][vc_column_text css_animation=&#8221;fadeInUp&#8221; el_class=&#8221;team-credits font-title&#8221;]ARCHITECTURAL PROJECT. Ramos Castellano Arquitectos<br \/>\nINTERIOR DESIGN &#8211; BUILDING A. ACBD studio &#8211; Ana Cunha &amp; Gon\u00e7alo Santana<br \/>\nINTERIOR DESIGN &#8211; BUILDING B. Ramos Castellano Arquitectos<br \/>\nBRANDING, VISUAL IDENTITY &amp; WEB. ACBD studio &#8211; Ana Cunha &amp; Gon\u00e7alo Santana<br \/>\nMEDIA AND PRESS OFFICE. this is ground control<\/p>\n<p>FINANCIER&#8217;S REPRESENTATIVE. Ministry of Infrastructures, Land Planning and Housing \/ Infrastructures of Cabo Verde<br \/>\nFUNDING. Government of Cabo Verde, Ministry of Tourism and Transport of Cabo Verde, Social Sustainability Fund for Tourism of Cabo Verde[\/vc_column_text][vc_empty_space height=&#8221;50px&#8221;][\/vc_column][\/vc_row][vc_row full_width=&#8221;stretch_row&#8221; disable_element=&#8221;yes&#8221; el_id=&#8221;irlando-ferreira&#8221; el_class=&#8221;team-detail-section&#8221; css=&#8221;.vc_custom_1719487394360{background-color: #0847f9 !important;}&#8221;][vc_column width=&#8221;1\/2&#8243;][vc_column_text css_animation=&#8221;fadeInUp&#8221; el_class=&#8221;team-detail-section-title&#8221;]<\/p>\n<h3>IRLANDO FERREIRA<\/h3>\n<p>[\/vc_column_text][vc_empty_space height=&#8221;30px&#8221;][vc_column_text css_animation=&#8221;fadeInUp&#8221; el_class=&#8221;team-detail-section-txt&#8221;]Master in Management and Cultural Studies and a Bachelor&#8217;s degree in Theatre from the Lisbon School of Theatre and Cinema, in Portugal, he was part of INOV-Art \u2013 International Internship Program for Young People (USA), in the cultural and artistic domain. Since 2015, he is the Director of the National Centre for Art, Crafts and Design (CNAD), a Cape Verdean public institute, which integrates art galleriesprojects, such as a Museum, a rResearch centreCenter and a lLibrary, an Experimental Laboratory of Art, Crafts and Design and a broad project to develop the cultural and creative sector in Cabope Verde. For more thanOver ten years, he worked with The Antaeus Company, in \u2013 Los Angeles, USA; and Teatro Nacional D. Maria IID. Maria II National Theatre, Trindade Theatre and United Artists, in Lisbon, Portugal.<\/p>\n<p>He was distinguished by Apollo Magazine, a London based internationaln English visual arts magazine, as one of the most influential thinkers in Africa under 40 years of age, in 2020. He participated in the Manifesto \u201cCulture for the Future\u201d, an initiative of the European Union that took place in Brussels, in 2019, and at the \u201cCabope Verde Ambition 2030 International Forum\u201d, promoted by the RepublicState of Cabo Verde, 2020.<\/p>\n<p>As a professor, Irlando has collaborated with ISCEE university. His as a teacher. Research interests are: Creative Economies and Cultural Management, being the.a Author of the book, \u201cCabo Verde, Creative Economies, What Benefits for the Country? \u2013 The case of, Atlantic Music Expo Cabo Verde\u201d.[\/vc_column_text][\/vc_column][vc_column width=&#8221;1\/2&#8243;][vc_single_image image=&#8221;708&#8243; img_size=&#8221;full&#8221; css_animation=&#8221;fadeInUp&#8221; el_class=&#8221;team-detail-section-img&#8221;][vc_empty_space height=&#8221;10px&#8221;][vc_column_text css_animation=&#8221;fadeInUp&#8221;]<\/p>\n<p style=\"text-align: center;\">( Diretor CNAD )<\/p>\n<p>[\/vc_column_text][\/vc_column][\/vc_row]<\/p>\n","protected":false},"excerpt":{"rendered":"<p>[vc_row full_width=&#8221;stretch_row_content_no_spaces&#8221; el_class=&#8221;about-hero&#8221;][vc_column][vc_single_image image=&#8221;447&#8243; img_size=&#8221;full&#8221;][\/vc_column][\/vc_row][vc_row full_width=&#8221;stretch_row&#8221; el_class=&#8221;about-section-1&#8243; el_id=&#8221;history&#8221;][vc_column width=&#8221;1\/2&#8243; el_class=&#8221;content-col content-col-l&#8221;][vc_column_text css_animation=&#8221;fadeInUp&#8221; el_class=&#8221;txt-size-36&#8243;]About[\/vc_column_text][vc_empty_space height=&#8221;20px&#8221;][vc_column_text css_animation=&#8221;fadeInUp&#8221; el_class=&#8221;txt-size-76&#8243;]The institute[\/vc_column_text][vc_empty_space height=&#8221;50px&#8221;][vc_column_text css_animation=&#8221;fadeInUp&#8221; el_class=&#8221;txt-size-36&#8243;]CNAD THROUGH TIME[\/vc_column_text][vc_empty_space height=&#8221;20px&#8221;][vc_column_text css_animation=&#8221;fadeInUp&#8221; el_class=&#8221;txt-size-36&#8243;]The collection of the National Centre for Art, Crafts and Design (CNAD) and its history bear witness to the path taken and the results achieved by the now extinct National Crafts <a href=\"https:\/\/cnad.cv\/en\/about\/\" class=\"more-link\">&#8230;<\/a><\/p>\n","protected":false},"author":1,"featured_media":0,"parent":0,"menu_order":0,"comment_status":"closed","ping_status":"closed","template":"","meta":{"inline_featured_image":false,"footnotes":""},"class_list":["post-727","page","type-page","status-publish","hentry"],"_links":{"self":[{"href":"https:\/\/cnad.cv\/en\/wp-json\/wp\/v2\/pages\/727","targetHints":{"allow":["GET"]}}],"collection":[{"href":"https:\/\/cnad.cv\/en\/wp-json\/wp\/v2\/pages"}],"about":[{"href":"https:\/\/cnad.cv\/en\/wp-json\/wp\/v2\/types\/page"}],"author":[{"embeddable":true,"href":"https:\/\/cnad.cv\/en\/wp-json\/wp\/v2\/users\/1"}],"replies":[{"embeddable":true,"href":"https:\/\/cnad.cv\/en\/wp-json\/wp\/v2\/comments?post=727"}],"version-history":[{"count":16,"href":"https:\/\/cnad.cv\/en\/wp-json\/wp\/v2\/pages\/727\/revisions"}],"predecessor-version":[{"id":933,"href":"https:\/\/cnad.cv\/en\/wp-json\/wp\/v2\/pages\/727\/revisions\/933"}],"wp:attachment":[{"href":"https:\/\/cnad.cv\/en\/wp-json\/wp\/v2\/media?parent=727"}],"curies":[{"name":"wp","href":"https:\/\/api.w.org\/{rel}","templated":true}]}}