{"id":726,"date":"2022-07-21T01:49:11","date_gmt":"2022-07-21T00:49:11","guid":{"rendered":"https:\/\/cnad.cv\/info\/"},"modified":"2024-06-27T12:38:06","modified_gmt":"2024-06-27T11:38:06","slug":"info","status":"publish","type":"page","link":"https:\/\/cnad.cv\/en\/info\/","title":{"rendered":"Info"},"content":{"rendered":"<p>[vc_row el_class=&#8221;info-cafe-store-section info-cafe-store-section-1&#8243; el_id=&#8221;cafe&#8221;][vc_column width=&#8221;1\/2&#8243;][vc_column_text css_animation=&#8221;fadeInUp&#8221;]<\/p>\n<h2>Caf\u00e9<\/h2>\n<p>[\/vc_column_text][vc_column_text css_animation=&#8221;fadeInUp&#8221; el_class=&#8221;info-text-desc&#8221;]<strong>OPENING HOURS<\/strong><br \/>\nMondays to Saturdays<br \/>\n09.00 \u2192 21.00<br \/>\nSundays and Holidays &#8211; Closed<\/p>\n<p><a href=\"tel:+2382317751\">(+238) 231 77 51<\/a>[\/vc_column_text][vc_btn title=&#8221;instagram&#8221; style=&#8221;outline-custom&#8221; outline_custom_color=&#8221;#000000&#8243; outline_custom_hover_background=&#8221;#000000&#8243; outline_custom_hover_text=&#8221;#ffffff&#8221; shape=&#8221;round&#8221; align=&#8221;left&#8221; css_animation=&#8221;fadeInUp&#8221; el_class=&#8221;cnad-cta-round&#8221; link=&#8221;url:https%3A%2F%2Fwww.instagram.com%2Fcnad.cv%2F|target:_blank&#8221;][vc_btn title=&#8221;facebook&#8221; style=&#8221;outline-custom&#8221; outline_custom_color=&#8221;#000000&#8243; outline_custom_hover_background=&#8221;#000000&#8243; outline_custom_hover_text=&#8221;#ffffff&#8221; shape=&#8221;round&#8221; align=&#8221;left&#8221; css_animation=&#8221;fadeInUp&#8221; el_class=&#8221;cnad-cta-round&#8221; link=&#8221;url:https%3A%2F%2Fwww.facebook.com%2Fcnad.cv%2F|target:_blank&#8221;][\/vc_column][vc_column css_animation=&#8221;fadeIn&#8221; width=&#8221;1\/2&#8243;][vc_column_text css_animation=&#8221;fadeInUp&#8221; el_class=&#8221;info-text-highlight&#8221;]Our caf\u00e9 is the ideal place to take a break before or after exploring our exhibitions and activities.[\/vc_column_text][vc_column_text css_animation=&#8221;fadeInUp&#8221;]Located in the ground floor courtyard with direct entrance from Pra\u00e7a Nova, it is conceived as a space for the enjoyment and conviviality of the whole community. Here you can enjoy the flavours of Cape Verdean gastronomy or just have a refreshing drink while absorbing the unique local atmosphere.[\/vc_column_text][vc_single_image image=&#8221;759&#8243; img_size=&#8221;full&#8221; el_class=&#8221;info-cafe-store-badge info-cafe-store-badge-1 badge-rotate&#8221;][\/vc_column][\/vc_row][vc_row disable_element=&#8221;yes&#8221; el_class=&#8221;info-cafe-store-section cafe-carousel cafe-carousel-1&#8243;][vc_column css_animation=&#8221;fadeInRight&#8221; el_class=&#8221;carousel carousel-arrows-outside&#8221;][vc_row_inner el_class=&#8221;carousel-cell&#8221;][vc_column_inner][vc_single_image image=&#8221;314&#8243; img_size=&#8221;full&#8221; onclick=&#8221;custom_link&#8221; link=&#8221;https:\/\/cnad.cv\/event\/marlene-monteiro-freitas\/&#8221;][\/vc_column_inner][\/vc_row_inner][vc_row_inner el_class=&#8221;carousel-cell&#8221;][vc_column_inner][vc_single_image image=&#8221;316&#8243; img_size=&#8221;full&#8221; onclick=&#8221;custom_link&#8221; link=&#8221;https:\/\/cnad.cv\/event\/marlene-monteiro-freitas\/&#8221;][\/vc_column_inner][\/vc_row_inner][vc_row_inner el_class=&#8221;carousel-cell&#8221;][vc_column_inner][vc_single_image image=&#8221;314&#8243; img_size=&#8221;full&#8221; onclick=&#8221;custom_link&#8221; link=&#8221;https:\/\/cnad.cv\/event\/marlene-monteiro-freitas\/&#8221;][\/vc_column_inner][\/vc_row_inner][vc_row_inner el_class=&#8221;carousel-cell&#8221;][vc_column_inner][vc_single_image image=&#8221;316&#8243; img_size=&#8221;full&#8221; onclick=&#8221;custom_link&#8221; link=&#8221;https:\/\/cnad.cv\/event\/marlene-monteiro-freitas\/&#8221;][\/vc_column_inner][\/vc_row_inner][\/vc_column][\/vc_row][vc_row full_width=&#8221;stretch_row_content_no_spaces&#8221; css_animation=&#8221;fadeIn&#8221; css=&#8221;.vc_custom_1658883671945{margin-top: 0px !important;margin-right: 0px !important;margin-bottom: 0px !important;margin-left: 0px !important;padding-top: 0px !important;padding-right: 0px !important;padding-bottom: 0px !important;padding-left: 0px !important;}&#8221;][vc_column css=&#8221;.vc_custom_1658367177043{margin-top: 0px !important;margin-right: 0px !important;margin-bottom: 0px !important;margin-left: 0px !important;padding-top: 0px !important;padding-right: 0px !important;padding-bottom: 0px !important;padding-left: 0px !important;}&#8221;][vc_raw_html css=&#8221;.vc_custom_1658367171555{margin: 0px !important;padding: 0px !important;border: 0px initial !important;}&#8221;]JTNDaHIlM0U=[\/vc_raw_html][\/vc_column][\/vc_row][vc_row el_class=&#8221;info-cafe-store-section info-cafe-store-section-2&#8243; el_id=&#8221;shop&#8221;][vc_column width=&#8221;1\/2&#8243;][vc_column_text css_animation=&#8221;fadeInUp&#8221;]<\/p>\n<h2>Shop<\/h2>\n<p>[\/vc_column_text][vc_column_text css_animation=&#8221;fadeInUp&#8221; el_class=&#8221;info-text-desc&#8221;]<strong>OPENING HOURS<\/strong><br \/>\nMondays to Fridays<br \/>\n10.00 \u2192 13.00 15.00 \u2192 19.00<br \/>\nSaturdays 10.00 \u2192 14.00<br \/>\nSundays and Holidays &#8211; Closed<\/p>\n<p><a href=\"tel:+2382317751\">(+238) 231 77 51<\/a><br \/>\n<a href=\"mailto:info.loja@cnad.gov.cv\">info.loja@cnad.gov.cv<\/a>[\/vc_column_text][vc_btn title=&#8221;instagram&#8221; style=&#8221;outline-custom&#8221; outline_custom_color=&#8221;#000000&#8243; outline_custom_hover_background=&#8221;#000000&#8243; outline_custom_hover_text=&#8221;#ffffff&#8221; shape=&#8221;round&#8221; align=&#8221;left&#8221; css_animation=&#8221;fadeInUp&#8221; el_class=&#8221;cnad-cta-round&#8221; link=&#8221;url:https%3A%2F%2Fwww.instagram.com%2Fcnad.cv%2F|target:_blank&#8221;][vc_btn title=&#8221;facebook&#8221; style=&#8221;outline-custom&#8221; outline_custom_color=&#8221;#000000&#8243; outline_custom_hover_background=&#8221;#000000&#8243; outline_custom_hover_text=&#8221;#ffffff&#8221; shape=&#8221;round&#8221; align=&#8221;left&#8221; css_animation=&#8221;fadeInUp&#8221; el_class=&#8221;cnad-cta-round&#8221; link=&#8221;url:https%3A%2F%2Fwww.facebook.com%2Fcnad.cv%2F|target:_blank&#8221;][vc_empty_space height=&#8221;60px&#8221;][\/vc_column][vc_column css_animation=&#8221;fadeIn&#8221; width=&#8221;1\/2&#8243;][vc_column_text css_animation=&#8221;fadeInUp&#8221; el_class=&#8221;info-text-highlight&#8221;]The shop is an important element in the wide variety of exceptional services offered to CNAD visitors. It is the space to find unique and exclusive items signed by national and international artists, artisans and architects.[\/vc_column_text][vc_column_text css_animation=&#8221;fadeInUp&#8221;]The curatorship takes into account the exhibition proposals and favour contemporary design, art and fashion, literature, stationery and gifts. You can also discover pieces designed and produced especially for the cultural centre.[\/vc_column_text][vc_single_image image=&#8221;761&#8243; img_size=&#8221;full&#8221; el_class=&#8221;info-cafe-store-badge info-cafe-store-badge-1 badge-rotate&#8221;][\/vc_column][\/vc_row][vc_row disable_element=&#8221;yes&#8221; el_class=&#8221;info-cafe-store-section cafe-carousel cafe-carousel-2&#8243;][vc_column css_animation=&#8221;fadeInRight&#8221; el_class=&#8221;carousel carousel-arrows-outside&#8221;][vc_row_inner el_class=&#8221;carousel-cell&#8221;][vc_column_inner][vc_single_image image=&#8221;343&#8243; img_size=&#8221;full&#8221; onclick=&#8221;custom_link&#8221; link=&#8221;https:\/\/cnad.cv\/event\/marlene-monteiro-freitas\/&#8221;][\/vc_column_inner][\/vc_row_inner][vc_row_inner el_class=&#8221;carousel-cell&#8221;][vc_column_inner][vc_single_image image=&#8221;345&#8243; img_size=&#8221;full&#8221; onclick=&#8221;custom_link&#8221; link=&#8221;https:\/\/cnad.cv\/event\/marlene-monteiro-freitas\/&#8221;][\/vc_column_inner][\/vc_row_inner][vc_row_inner el_class=&#8221;carousel-cell&#8221;][vc_column_inner][vc_single_image image=&#8221;343&#8243; img_size=&#8221;full&#8221; onclick=&#8221;custom_link&#8221; link=&#8221;https:\/\/cnad.cv\/event\/marlene-monteiro-freitas\/&#8221;][\/vc_column_inner][\/vc_row_inner][vc_row_inner el_class=&#8221;carousel-cell&#8221;][vc_column_inner][vc_single_image image=&#8221;345&#8243; img_size=&#8221;full&#8221; onclick=&#8221;custom_link&#8221; link=&#8221;https:\/\/cnad.cv\/event\/marlene-monteiro-freitas\/&#8221;][\/vc_column_inner][\/vc_row_inner][\/vc_column][\/vc_row][vc_row full_width=&#8221;stretch_row&#8221; el_class=&#8221;your-visit-section&#8221; el_id=&#8221;visit-us&#8221;][vc_column][vc_column_text css_animation=&#8221;fadeInUp&#8221;]<\/p>\n<h2>VISIT US<\/h2>\n<p>[\/vc_column_text][vc_row_inner][vc_column_inner width=&#8221;1\/3&#8243;][vc_column_text css_animation=&#8221;fadeInUp&#8221; el_class=&#8221;visit-title&#8221;]<\/p>\n<h3>INFOS<\/h3>\n<p>[\/vc_column_text][vc_column_text css_animation=&#8221;fadeInUp&#8221; el_class=&#8221;visit-txt&#8221;]<strong>OPENING HOURS<\/strong><br \/>\nTuesdays to Fridays<br \/>\n10.00 \u2192 13.00 15.00 \u2192 19.00[\/vc_column_text][vc_column_text css_animation=&#8221;fadeInUp&#8221; el_class=&#8221;visit-txt&#8221;]<strong>SATURDAYS<\/strong><br \/>\n10.00 \u2192 14.00 18.00 \u2192 21.00<br \/>\nSundays and Holidays<br \/>\n17.00 \u2192 21.00[\/vc_column_text][vc_column_text css_animation=&#8221;fadeInUp&#8221; el_class=&#8221;visit-txt&#8221;]<strong>CLOSED<\/strong> Holidays: 24 Dec, 01 Jan.[\/vc_column_text][vc_empty_space height=&#8221;50px&#8221;][vc_column_text css_animation=&#8221;fadeInUp&#8221; el_class=&#8221;visit-txt tickets-block&#8221;]<strong>TICKET OFFICE<\/strong><br \/>\nNON-RESIDENTS<br \/>\nvisit 500 CVE \/ 5\u20ac<\/p>\n<p>discounts<br \/>\ngroups (+10 people) &#8211; Up to 20%<\/p>\n<p>RESIDENTS IN CABO VERDE\u00b9<br \/>\nvisit 300 CVE \/ 3\u20ac<\/p>\n<p>discounts<br \/>\ngroups (+10 people) Up to 20%<\/p>\n<p><span style=\"text-decoration: underline;\">free entrance for residents in Cabo Verde:<\/span> students of all ages and levels of education, Artisans\u00b2, designers\u00b3 and artists\u2074, seniors &gt; 65<\/p>\n<p><small style=\"display: block; font-size: 0.6rem; line-height: 1.1em;\">1) Upon presentation of identity card or valid resident title<br \/>\n2) Registered<br \/>\n3) Mapped by CNAD<br \/>\n4) Mapped by CNAD <\/small>[\/vc_column_text][vc_empty_space height=&#8221;60px&#8221;][vc_column_text css_animation=&#8221;fadeInUp&#8221; el_class=&#8221;visit-txt&#8221;]<strong>FACILITIES AND SERVICES<\/strong><br \/>\nELEVATORS AND ACCESS RAMPS<br \/>\nWI-FI[\/vc_column_text][vc_empty_space height=&#8221;60px&#8221;][vc_column_text css_animation=&#8221;fadeInUp&#8221; el_class=&#8221;visit-txt visit-txt-collapsible hide-this&#8221;]<a href=\"#\"><strong>ACCESSIBILITY<\/strong><\/a><\/p>\n<p>Lorem ipsum dolor sit amet, consectetuer adipiscing elit, sed diam nonummy nibh euismod tincidunt ut Lorem ipsum dolor sit amet, consectetuer adipiscing elit, sed diam nonummy nibh euismod tincidunt ut laoreet dolore magna aliquam erat volutpat. Ut wisi enim ad minim veniam, quis nostrud exerci tation ullamcorper suscipit lobortis nisl ut aliquip ex ea commodo consequat.[\/vc_column_text][vc_column_text css_animation=&#8221;fadeInUp&#8221; el_class=&#8221;visit-txt visit-txt-collapsible hide-this&#8221;]<a href=\"#\"><strong>RECOMMENDATIONS<\/strong><\/a><\/p>\n<p>Lorem ipsum dolor sit amet, consectetuer adipiscing elit, sed diam nonummy nibh euismod tincidunt ut Lorem ipsum dolor sit amet, consectetuer adipiscing elit, sed diam nonummy nibh euismod tincidunt ut laoreet dolore magna aliquam erat volutpat. Ut wisi enim ad minim veniam, quis nostrud exerci tation ullamcorper suscipit lobortis nisl ut aliquip ex ea commodo consequat.[\/vc_column_text][vc_column_text css_animation=&#8221;fadeInUp&#8221; el_class=&#8221;visit-txt visit-txt-collapsible hide-this&#8221;]<a href=\"#\"><strong>COVID-19 GUARANTEES AND OBLIGATIONS<\/strong><\/a><\/p>\n<p>Lorem ipsum dolor sit amet, consectetuer adipiscing elit, sed diam nonummy nibh euismod tincidunt ut Lorem ipsum dolor sit amet, consectetuer adipiscing elit, sed diam nonummy nibh euismod tincidunt ut laoreet dolore magna aliquam erat volutpat. Ut wisi enim ad minim veniam, quis nostrud exerci tation ullamcorper suscipit lobortis nisl ut aliquip ex ea commodo consequat.[\/vc_column_text][vc_empty_space height=&#8221;50px&#8221;][\/vc_column_inner][vc_column_inner width=&#8221;1\/3&#8243;][vc_column_text css_animation=&#8221;fadeInUp&#8221; el_class=&#8221;visit-title&#8221;]<\/p>\n<h3>CONTACTS<\/h3>\n<p>[\/vc_column_text][vc_column_text css_animation=&#8221;fadeInUp&#8221; el_class=&#8221;visit-txt&#8221;]<strong>CNAD<\/strong><br \/>\n<a href=\"tel:+2382317751\">+238 231 77 51<\/a><br \/>\n<a href=\"mailto:cnad.geral@gov.cv\">cnad.geral@gov.cv<\/a>[\/vc_column_text][vc_column_text css_animation=&#8221;fadeInUp&#8221; el_class=&#8221;visit-txt&#8221;]<strong>PRESS<\/strong><br \/>\n<a href=\"tel:+2382317751\">+238 231 77 51<\/a><br \/>\n<a href=\"mailto:press@cnad.gov.cv\">press@cnad.gov.cv<\/a>[\/vc_column_text][\/vc_column_inner][vc_column_inner width=&#8221;1\/3&#8243;][vc_column_text css_animation=&#8221;fadeInUp&#8221; el_class=&#8221;visit-title&#8221;]<\/p>\n<h3>MAP<\/h3>\n<p>[\/vc_column_text][vc_column_text css_animation=&#8221;fadeInUp&#8221; el_class=&#8221;visit-txt&#8221;]<strong>NATIONAL CENTRE FOR ART,<br \/>\nCRAFTS AND DESIGN<\/strong><br \/>\n<a href=\"https:\/\/goo.gl\/maps\/9YbryXvfp2ymzGpv7\" target=\"_blank\" rel=\"noopener\">Pra\u00e7a Am\u00edlcar Cabral CP 1027, Mindelo, S\u00e3o Vicente, Cabo Verde<\/a>[\/vc_column_text][vc_column_text css_animation=&#8221;fadeInUp&#8221; el_class=&#8221;visit-txt&#8221;]<strong>COORDINATES<\/strong><br \/>\n<a href=\"https:\/\/goo.gl\/maps\/9YbryXvfp2ymzGpv7\" target=\"_blank\" rel=\"noopener\">16.89030, -24.98782<\/a>[\/vc_column_text][vc_column_text css_animation=&#8221;fadeInUp&#8221; el_class=&#8221;visit-txt hide-this&#8221;]<strong>DIRECTIONS<\/strong>[\/vc_column_text][vc_single_image image=&#8221;354&#8243; img_size=&#8221;full&#8221; css_animation=&#8221;fadeInUp&#8221; el_class=&#8221;visit-map&#8221;][\/vc_column_inner][\/vc_row_inner][\/vc_column][\/vc_row][vc_row full_width=&#8221;stretch_row&#8221; disable_element=&#8221;yes&#8221; el_class=&#8221;become-member-section&#8221; el_id=&#8221;member&#8221;][vc_column width=&#8221;1\/3&#8243; el_class=&#8221;col col-l&#8221;][vc_column_text css_animation=&#8221;fadeInUp&#8221;]<\/p>\n<h2>Become<br \/>\na member<\/h2>\n<p>[\/vc_column_text][\/vc_column][vc_column width=&#8221;2\/3&#8243; el_class=&#8221;col col-r&#8221;][vc_column_text css_animation=&#8221;fadeInUp&#8221; el_class=&#8221;member-txt&#8221;]Join and support us, you will be contributing directly to our exhibitions, educational programs, as well as various cultural activities.[\/vc_column_text][vc_btn title=&#8221;get card&#8221; style=&#8221;outline-custom&#8221; outline_custom_color=&#8221;#000000&#8243; outline_custom_hover_background=&#8221;#000000&#8243; outline_custom_hover_text=&#8221;#ffffff&#8221; shape=&#8221;round&#8221; align=&#8221;left&#8221; css_animation=&#8221;fadeInUp&#8221; el_class=&#8221;cnad-cta-round&#8221; link=&#8221;url:%23&#8243;][\/vc_column][\/vc_row]<\/p>\n","protected":false},"excerpt":{"rendered":"<p>[vc_row el_class=&#8221;info-cafe-store-section info-cafe-store-section-1&#8243; el_id=&#8221;cafe&#8221;][vc_column width=&#8221;1\/2&#8243;][vc_column_text css_animation=&#8221;fadeInUp&#8221;] Caf\u00e9 [\/vc_column_text][vc_column_text css_animation=&#8221;fadeInUp&#8221; el_class=&#8221;info-text-desc&#8221;]OPENING HOURS Mondays to Saturdays 09.00 \u2192 21.00 Sundays and Holidays &#8211; Closed (+238) 231 77 51[\/vc_column_text][vc_btn title=&#8221;instagram&#8221; style=&#8221;outline-custom&#8221; outline_custom_color=&#8221;#000000&#8243; outline_custom_hover_background=&#8221;#000000&#8243; outline_custom_hover_text=&#8221;#ffffff&#8221; shape=&#8221;round&#8221; align=&#8221;left&#8221; css_animation=&#8221;fadeInUp&#8221; el_class=&#8221;cnad-cta-round&#8221; link=&#8221;url:https%3A%2F%2Fwww.instagram.com%2Fcnad.cv%2F|target:_blank&#8221;][vc_btn title=&#8221;facebook&#8221; style=&#8221;outline-custom&#8221; outline_custom_color=&#8221;#000000&#8243; outline_custom_hover_background=&#8221;#000000&#8243; outline_custom_hover_text=&#8221;#ffffff&#8221; shape=&#8221;round&#8221; align=&#8221;left&#8221; css_animation=&#8221;fadeInUp&#8221; el_class=&#8221;cnad-cta-round&#8221; link=&#8221;url:https%3A%2F%2Fwww.facebook.com%2Fcnad.cv%2F|target:_blank&#8221;][\/vc_column][vc_column css_animation=&#8221;fadeIn&#8221; width=&#8221;1\/2&#8243;][vc_column_text css_animation=&#8221;fadeInUp&#8221; el_class=&#8221;info-text-highlight&#8221;]Our caf\u00e9 is the ideal place <a href=\"https:\/\/cnad.cv\/en\/info\/\" class=\"more-link\">&#8230;<\/a><\/p>\n","protected":false},"author":1,"featured_media":0,"parent":0,"menu_order":0,"comment_status":"closed","ping_status":"closed","template":"","meta":{"inline_featured_image":false,"footnotes":""},"class_list":["post-726","page","type-page","status-publish","hentry"],"_links":{"self":[{"href":"https:\/\/cnad.cv\/en\/wp-json\/wp\/v2\/pages\/726","targetHints":{"allow":["GET"]}}],"collection":[{"href":"https:\/\/cnad.cv\/en\/wp-json\/wp\/v2\/pages"}],"about":[{"href":"https:\/\/cnad.cv\/en\/wp-json\/wp\/v2\/types\/page"}],"author":[{"embeddable":true,"href":"https:\/\/cnad.cv\/en\/wp-json\/wp\/v2\/users\/1"}],"replies":[{"embeddable":true,"href":"https:\/\/cnad.cv\/en\/wp-json\/wp\/v2\/comments?post=726"}],"version-history":[{"count":11,"href":"https:\/\/cnad.cv\/en\/wp-json\/wp\/v2\/pages\/726\/revisions"}],"predecessor-version":[{"id":757,"href":"https:\/\/cnad.cv\/en\/wp-json\/wp\/v2\/pages\/726\/revisions\/757"}],"wp:attachment":[{"href":"https:\/\/cnad.cv\/en\/wp-json\/wp\/v2\/media?parent=726"}],"curies":[{"name":"wp","href":"https:\/\/api.w.org\/{rel}","templated":true}]}}